{"id":212,"date":"2021-03-27T12:49:16","date_gmt":"2021-03-27T12:49:16","guid":{"rendered":"https:\/\/ontg.de\/?page_id=212"},"modified":"2021-03-27T13:03:50","modified_gmt":"2021-03-27T13:03:50","slug":"telefon","status":"publish","type":"page","link":"https:\/\/ontg.de\/?page_id=212","title":{"rendered":"Telefon"},"content":{"rendered":"\t\t<div data-elementor-type=\"wp-page\" data-elementor-id=\"212\" class=\"elementor elementor-212\">\n\t\t\t\t\t\t<section class=\"elementor-section elementor-top-section elementor-element elementor-element-6eeb47d elementor-section-boxed elementor-section-height-default elementor-section-height-default elementor-invisible\" data-id=\"6eeb47d\" data-element_type=\"section\" data-e-type=\"section\" data-settings=\"{&quot;background_background&quot;:&quot;classic&quot;,&quot;shape_divider_bottom&quot;:&quot;arrow&quot;,&quot;animation&quot;:&quot;fadeInUp&quot;}\">\n\t\t\t\t\t<div class=\"elementor-shape elementor-shape-bottom\" aria-hidden=\"true\" data-negative=\"false\">\n\t\t\t<svg xmlns=\"http:\/\/www.w3.org\/2000\/svg\" viewBox=\"0 0 700 10\" preserveAspectRatio=\"none\">\n\t<path class=\"elementor-shape-fill\" d=\"M350,10L340,0h20L350,10z\"\/>\n<\/svg>\t\t<\/div>\n\t\t\t\t\t<div class=\"elementor-container elementor-column-gap-default\">\n\t\t\t\t\t<div class=\"elementor-column elementor-col-100 elementor-top-column elementor-element elementor-element-2e4f9425\" data-id=\"2e4f9425\" data-element_type=\"column\" data-e-type=\"column\">\n\t\t\t<div class=\"elementor-widget-wrap elementor-element-populated\">\n\t\t\t\t\t\t<div class=\"elementor-element elementor-element-7e6d3825 elementor-widget elementor-widget-heading\" data-id=\"7e6d3825\" data-element_type=\"widget\" data-e-type=\"widget\" data-widget_type=\"heading.default\">\n\t\t\t\t<div class=\"elementor-widget-container\">\n\t\t\t\t\t<h2 class=\"elementor-heading-title elementor-size-default\">Telefon<\/h2>\t\t\t\t<\/div>\n\t\t\t\t<\/div>\n\t\t\t\t<div class=\"elementor-element elementor-element-2b2eb197 elementor-widget elementor-widget-heading\" data-id=\"2b2eb197\" data-element_type=\"widget\" data-e-type=\"widget\" data-widget_type=\"heading.default\">\n\t\t\t\t<div class=\"elementor-widget-container\">\n\t\t\t\t\t<p class=\"elementor-heading-title elementor-size-default\">St\u00e4ndig klingelt das Telefon? Der Anrufbeantworter ist voller Nachrichten und Sie versuchen am Abend noch alle Patienten zu erreichen? Die Behandlung wird st\u00e4ndig von Anrufen unterbrochen? Das ist in den Meisten Therapiepraxen Alltag. Eine M\u00f6glichkeit ist eine Rezeptionskraft einzustellen. Aber es geht auch noch viel Einfacher, Effektiver und Kosteng\u00fcnstiger. Gerne zeigen wir Ihnen unsere Ideen in einem pers\u00f6nlichen Gespr\u00e4ch auf. <\/p>\t\t\t\t<\/div>\n\t\t\t\t<\/div>\n\t\t\t\t\t<\/div>\n\t\t<\/div>\n\t\t\t\t\t<\/div>\n\t\t<\/section>\n\t\t\t\t<\/div>\n\t\t","protected":false},"excerpt":{"rendered":"<p>Telefon St\u00e4ndig klingelt das Telefon? Der Anrufbeantworter ist voller Nachrichten und Sie versuchen am Abend noch alle Patienten zu erreichen? Die Behandlung wird st\u00e4ndig von Anrufen unterbrochen? Das ist in den Meisten Therapiepraxen Alltag. Eine M\u00f6glichkeit ist eine Rezeptionskraft einzustellen. Aber es geht auch noch viel Einfacher, Effektiver und Kosteng\u00fcnstiger. Gerne zeigen wir Ihnen unsere [&hellip;]<\/p>\n","protected":false},"author":1,"featured_media":0,"parent":0,"menu_order":0,"comment_status":"closed","ping_status":"closed","template":"elementor_canvas","meta":{"inline_featured_image":false,"footnotes":""},"class_list":["post-212","page","type-page","status-publish","hentry"],"_links":{"self":[{"href":"https:\/\/ontg.de\/index.php?rest_route=\/wp\/v2\/pages\/212","targetHints":{"allow":["GET"]}}],"collection":[{"href":"https:\/\/ontg.de\/index.php?rest_route=\/wp\/v2\/pages"}],"about":[{"href":"https:\/\/ontg.de\/index.php?rest_route=\/wp\/v2\/types\/page"}],"author":[{"embeddable":true,"href":"https:\/\/ontg.de\/index.php?rest_route=\/wp\/v2\/users\/1"}],"replies":[{"embeddable":true,"href":"https:\/\/ontg.de\/index.php?rest_route=%2Fwp%2Fv2%2Fcomments&post=212"}],"version-history":[{"count":6,"href":"https:\/\/ontg.de\/index.php?rest_route=\/wp\/v2\/pages\/212\/revisions"}],"predecessor-version":[{"id":271,"href":"https:\/\/ontg.de\/index.php?rest_route=\/wp\/v2\/pages\/212\/revisions\/271"}],"wp:attachment":[{"href":"https:\/\/ontg.de\/index.php?rest_route=%2Fwp%2Fv2%2Fmedia&parent=212"}],"curies":[{"name":"wp","href":"https:\/\/api.w.org\/{rel}","templated":true}]}}