{"id":215,"date":"2021-03-27T12:50:06","date_gmt":"2021-03-27T12:50:06","guid":{"rendered":"https:\/\/ontg.de\/?page_id=215"},"modified":"2021-03-27T13:08:10","modified_gmt":"2021-03-27T13:08:10","slug":"terminierung","status":"publish","type":"page","link":"https:\/\/ontg.de\/?page_id=215","title":{"rendered":"Terminierung"},"content":{"rendered":"\t\t<div data-elementor-type=\"wp-page\" data-elementor-id=\"215\" class=\"elementor elementor-215\">\n\t\t\t\t\t\t<section class=\"elementor-section elementor-top-section elementor-element elementor-element-c17615b elementor-section-boxed elementor-section-height-default elementor-section-height-default elementor-invisible\" data-id=\"c17615b\" data-element_type=\"section\" data-e-type=\"section\" data-settings=\"{&quot;background_background&quot;:&quot;classic&quot;,&quot;shape_divider_bottom&quot;:&quot;arrow&quot;,&quot;animation&quot;:&quot;fadeInUp&quot;}\">\n\t\t\t\t\t<div class=\"elementor-shape elementor-shape-bottom\" aria-hidden=\"true\" data-negative=\"false\">\n\t\t\t<svg xmlns=\"http:\/\/www.w3.org\/2000\/svg\" viewBox=\"0 0 700 10\" preserveAspectRatio=\"none\">\n\t<path class=\"elementor-shape-fill\" d=\"M350,10L340,0h20L350,10z\"\/>\n<\/svg>\t\t<\/div>\n\t\t\t\t\t<div class=\"elementor-container elementor-column-gap-default\">\n\t\t\t\t\t<div class=\"elementor-column elementor-col-100 elementor-top-column elementor-element elementor-element-3e0136e8\" data-id=\"3e0136e8\" data-element_type=\"column\" data-e-type=\"column\">\n\t\t\t<div class=\"elementor-widget-wrap elementor-element-populated\">\n\t\t\t\t\t\t<div class=\"elementor-element elementor-element-36dbf5bc elementor-widget elementor-widget-heading\" data-id=\"36dbf5bc\" data-element_type=\"widget\" data-e-type=\"widget\" data-widget_type=\"heading.default\">\n\t\t\t\t<div class=\"elementor-widget-container\">\n\t\t\t\t\t<h2 class=\"elementor-heading-title elementor-size-default\">Terminierung<\/h2>\t\t\t\t<\/div>\n\t\t\t\t<\/div>\n\t\t\t\t<div class=\"elementor-element elementor-element-681073c3 elementor-widget elementor-widget-heading\" data-id=\"681073c3\" data-element_type=\"widget\" data-e-type=\"widget\" data-widget_type=\"heading.default\">\n\t\t\t\t<div class=\"elementor-widget-container\">\n\t\t\t\t\t<p class=\"elementor-heading-title elementor-size-default\">Die Terminierung nimmt viel Arbeitszeit in der t\u00e4glichen Praxis in Anspruch. Auf Patientenseite schaffen es viele Berufst\u00e4tige nicht w\u00e4hrend der Praxis\u00f6ffnungszeiten anzurufen und Termine zu vereinbaren. Der Terminkalender ist oft un\u00fcbersichtlich, weil Termine verschoben oder abgesagt werden. Die Mitarbeiter k\u00f6nnen zu Hause nicht einsehen, welche Patienten am Folgetag kommen. In der heutigen Zeit bietet das Internet wunderbare M\u00f6glichkeiten um diese Probleme ohne viel Aufwand zu l\u00f6sen. Wir zeigen Ihnen gerne wie!<\/p>\t\t\t\t<\/div>\n\t\t\t\t<\/div>\n\t\t\t\t\t<\/div>\n\t\t<\/div>\n\t\t\t\t\t<\/div>\n\t\t<\/section>\n\t\t\t\t<\/div>\n\t\t","protected":false},"excerpt":{"rendered":"<p>Terminierung Die Terminierung nimmt viel Arbeitszeit in der t\u00e4glichen Praxis in Anspruch. Auf Patientenseite schaffen es viele Berufst\u00e4tige nicht w\u00e4hrend der Praxis\u00f6ffnungszeiten anzurufen und Termine zu vereinbaren. Der Terminkalender ist oft un\u00fcbersichtlich, weil Termine verschoben oder abgesagt werden. Die Mitarbeiter k\u00f6nnen zu Hause nicht einsehen, welche Patienten am Folgetag kommen. In der heutigen Zeit bietet [&hellip;]<\/p>\n","protected":false},"author":1,"featured_media":0,"parent":0,"menu_order":0,"comment_status":"closed","ping_status":"closed","template":"elementor_canvas","meta":{"inline_featured_image":false,"footnotes":""},"class_list":["post-215","page","type-page","status-publish","hentry"],"_links":{"self":[{"href":"https:\/\/ontg.de\/index.php?rest_route=\/wp\/v2\/pages\/215","targetHints":{"allow":["GET"]}}],"collection":[{"href":"https:\/\/ontg.de\/index.php?rest_route=\/wp\/v2\/pages"}],"about":[{"href":"https:\/\/ontg.de\/index.php?rest_route=\/wp\/v2\/types\/page"}],"author":[{"embeddable":true,"href":"https:\/\/ontg.de\/index.php?rest_route=\/wp\/v2\/users\/1"}],"replies":[{"embeddable":true,"href":"https:\/\/ontg.de\/index.php?rest_route=%2Fwp%2Fv2%2Fcomments&post=215"}],"version-history":[{"count":4,"href":"https:\/\/ontg.de\/index.php?rest_route=\/wp\/v2\/pages\/215\/revisions"}],"predecessor-version":[{"id":279,"href":"https:\/\/ontg.de\/index.php?rest_route=\/wp\/v2\/pages\/215\/revisions\/279"}],"wp:attachment":[{"href":"https:\/\/ontg.de\/index.php?rest_route=%2Fwp%2Fv2%2Fmedia&parent=215"}],"curies":[{"name":"wp","href":"https:\/\/api.w.org\/{rel}","templated":true}]}}