{"id":232,"date":"2021-03-27T12:53:42","date_gmt":"2021-03-27T12:53:42","guid":{"rendered":"https:\/\/ontg.de\/?page_id=232"},"modified":"2021-03-27T13:15:04","modified_gmt":"2021-03-27T13:15:04","slug":"zeitmanagement","status":"publish","type":"page","link":"https:\/\/ontg.de\/?page_id=232","title":{"rendered":"Zeitmanagement"},"content":{"rendered":"\t\t<div data-elementor-type=\"wp-page\" data-elementor-id=\"232\" class=\"elementor elementor-232\">\n\t\t\t\t\t\t<section class=\"elementor-section elementor-top-section elementor-element elementor-element-55203550 elementor-section-boxed elementor-section-height-default elementor-section-height-default elementor-invisible\" data-id=\"55203550\" data-element_type=\"section\" data-e-type=\"section\" data-settings=\"{&quot;background_background&quot;:&quot;classic&quot;,&quot;shape_divider_bottom&quot;:&quot;arrow&quot;,&quot;animation&quot;:&quot;fadeInUp&quot;}\">\n\t\t\t\t\t<div class=\"elementor-shape elementor-shape-bottom\" aria-hidden=\"true\" data-negative=\"false\">\n\t\t\t<svg xmlns=\"http:\/\/www.w3.org\/2000\/svg\" viewBox=\"0 0 700 10\" preserveAspectRatio=\"none\">\n\t<path class=\"elementor-shape-fill\" d=\"M350,10L340,0h20L350,10z\"\/>\n<\/svg>\t\t<\/div>\n\t\t\t\t\t<div class=\"elementor-container elementor-column-gap-default\">\n\t\t\t\t\t<div class=\"elementor-column elementor-col-100 elementor-top-column elementor-element elementor-element-12b50ac7\" data-id=\"12b50ac7\" data-element_type=\"column\" data-e-type=\"column\">\n\t\t\t<div class=\"elementor-widget-wrap elementor-element-populated\">\n\t\t\t\t\t\t<div class=\"elementor-element elementor-element-1804e474 elementor-widget elementor-widget-heading\" data-id=\"1804e474\" data-element_type=\"widget\" data-e-type=\"widget\" data-widget_type=\"heading.default\">\n\t\t\t\t<div class=\"elementor-widget-container\">\n\t\t\t\t\t<h2 class=\"elementor-heading-title elementor-size-default\">Zeitmanagement<\/h2>\t\t\t\t<\/div>\n\t\t\t\t<\/div>\n\t\t\t\t<div class=\"elementor-element elementor-element-7c4d05fc elementor-widget elementor-widget-heading\" data-id=\"7c4d05fc\" data-element_type=\"widget\" data-e-type=\"widget\" data-widget_type=\"heading.default\">\n\t\t\t\t<div class=\"elementor-widget-container\">\n\t\t\t\t\t<p class=\"elementor-heading-title elementor-size-default\">Ein gutes Zeitmanagement bringt eine hohe Lebensqualit\u00e4t f\u00fcr Sie und Ihre Mitarbeiter mit sich. Ein wichtiger Faktor, der in Zukunft eine immer gr\u00f6\u00dfere Rolle spielen wird. Aber auch der Patient\/die Patientin f\u00fchlt sich wohl, wenn man bei Ihnen in der Praxis nicht lange im Wartezimmer sitzen muss und die Behandlungszeit klar strukturiert ist. Und auch der wirtschaftliche Aspekt ist hierbei nicht zu vernachl\u00e4ssigen: Je mehr Zeit effektiv gearbeitet wird, desto wirtschaftlicher ist Ihre Praxis und desto mehr Zeit bleibt f\u00fcr die Familie und Freizeit. Wir helfen Ihnen auf dem Weg!<\/p>\t\t\t\t<\/div>\n\t\t\t\t<\/div>\n\t\t\t\t\t<\/div>\n\t\t<\/div>\n\t\t\t\t\t<\/div>\n\t\t<\/section>\n\t\t\t\t<\/div>\n\t\t","protected":false},"excerpt":{"rendered":"<p>Zeitmanagement Ein gutes Zeitmanagement bringt eine hohe Lebensqualit\u00e4t f\u00fcr Sie und Ihre Mitarbeiter mit sich. Ein wichtiger Faktor, der in Zukunft eine immer gr\u00f6\u00dfere Rolle spielen wird. Aber auch der Patient\/die Patientin f\u00fchlt sich wohl, wenn man bei Ihnen in der Praxis nicht lange im Wartezimmer sitzen muss und die Behandlungszeit klar strukturiert ist. Und [&hellip;]<\/p>\n","protected":false},"author":1,"featured_media":0,"parent":0,"menu_order":0,"comment_status":"closed","ping_status":"closed","template":"elementor_canvas","meta":{"inline_featured_image":false,"footnotes":""},"class_list":["post-232","page","type-page","status-publish","hentry"],"_links":{"self":[{"href":"https:\/\/ontg.de\/index.php?rest_route=\/wp\/v2\/pages\/232","targetHints":{"allow":["GET"]}}],"collection":[{"href":"https:\/\/ontg.de\/index.php?rest_route=\/wp\/v2\/pages"}],"about":[{"href":"https:\/\/ontg.de\/index.php?rest_route=\/wp\/v2\/types\/page"}],"author":[{"embeddable":true,"href":"https:\/\/ontg.de\/index.php?rest_route=\/wp\/v2\/users\/1"}],"replies":[{"embeddable":true,"href":"https:\/\/ontg.de\/index.php?rest_route=%2Fwp%2Fv2%2Fcomments&post=232"}],"version-history":[{"count":4,"href":"https:\/\/ontg.de\/index.php?rest_route=\/wp\/v2\/pages\/232\/revisions"}],"predecessor-version":[{"id":296,"href":"https:\/\/ontg.de\/index.php?rest_route=\/wp\/v2\/pages\/232\/revisions\/296"}],"wp:attachment":[{"href":"https:\/\/ontg.de\/index.php?rest_route=%2Fwp%2Fv2%2Fmedia&parent=232"}],"curies":[{"name":"wp","href":"https:\/\/api.w.org\/{rel}","templated":true}]}}