{"id":237,"date":"2021-03-27T12:54:03","date_gmt":"2021-03-27T12:54:03","guid":{"rendered":"https:\/\/ontg.de\/?page_id=237"},"modified":"2021-03-27T14:49:14","modified_gmt":"2021-03-27T14:49:14","slug":"buchhaltung","status":"publish","type":"page","link":"https:\/\/ontg.de\/?page_id=237","title":{"rendered":"Buchhaltung"},"content":{"rendered":"\t\t<div data-elementor-type=\"wp-page\" data-elementor-id=\"237\" class=\"elementor elementor-237\">\n\t\t\t\t\t\t<section class=\"elementor-section elementor-top-section elementor-element elementor-element-1485e46f elementor-section-boxed elementor-section-height-default elementor-section-height-default elementor-invisible\" data-id=\"1485e46f\" data-element_type=\"section\" data-e-type=\"section\" data-settings=\"{&quot;background_background&quot;:&quot;classic&quot;,&quot;shape_divider_bottom&quot;:&quot;arrow&quot;,&quot;animation&quot;:&quot;fadeInUp&quot;}\">\n\t\t\t\t\t<div class=\"elementor-shape elementor-shape-bottom\" aria-hidden=\"true\" data-negative=\"false\">\n\t\t\t<svg xmlns=\"http:\/\/www.w3.org\/2000\/svg\" viewBox=\"0 0 700 10\" preserveAspectRatio=\"none\">\n\t<path class=\"elementor-shape-fill\" d=\"M350,10L340,0h20L350,10z\"\/>\n<\/svg>\t\t<\/div>\n\t\t\t\t\t<div class=\"elementor-container elementor-column-gap-default\">\n\t\t\t\t\t<div class=\"elementor-column elementor-col-100 elementor-top-column elementor-element elementor-element-2887bfd7\" data-id=\"2887bfd7\" data-element_type=\"column\" data-e-type=\"column\">\n\t\t\t<div class=\"elementor-widget-wrap elementor-element-populated\">\n\t\t\t\t\t\t<div class=\"elementor-element elementor-element-23e729da elementor-widget elementor-widget-heading\" data-id=\"23e729da\" data-element_type=\"widget\" data-e-type=\"widget\" data-widget_type=\"heading.default\">\n\t\t\t\t<div class=\"elementor-widget-container\">\n\t\t\t\t\t<h2 class=\"elementor-heading-title elementor-size-default\">Buchhaltung<\/h2>\t\t\t\t<\/div>\n\t\t\t\t<\/div>\n\t\t\t\t<div class=\"elementor-element elementor-element-7e90254f elementor-widget elementor-widget-heading\" data-id=\"7e90254f\" data-element_type=\"widget\" data-e-type=\"widget\" data-widget_type=\"heading.default\">\n\t\t\t\t<div class=\"elementor-widget-container\">\n\t\t\t\t\t<p class=\"elementor-heading-title elementor-size-default\">Die Buchhaltung ist f\u00fcr viele Therapeuten ein Buch mit Sieben Siegeln. <br><br>Das Verst\u00e4ndnis daf\u00fcr, welche Einnahmen man hat und wieviel Geld man f\u00fcr was ausgibt ist der Schl\u00fcssel zum wirtschaftlichen Erfolg. Was sollte man also genau wissen: In welchem Bereich nehme ich am Meisten Geld ein, wo am Wenigsten? Wo kann ich auf der anderen Seite Geld sparen? Was bedeuten die einzelnen Positionen auf meinem Jahresabschluss? <br><br>Wir unterst\u00fctzen Sie bei der Etablierung einer einfachen und transparenten Buchhaltung in Zusammenarbeit mit Ihrem Steuerberater.<\/p>\t\t\t\t<\/div>\n\t\t\t\t<\/div>\n\t\t\t\t\t<\/div>\n\t\t<\/div>\n\t\t\t\t\t<\/div>\n\t\t<\/section>\n\t\t\t\t<\/div>\n\t\t","protected":false},"excerpt":{"rendered":"<p>Buchhaltung Die Buchhaltung ist f\u00fcr viele Therapeuten ein Buch mit Sieben Siegeln. Das Verst\u00e4ndnis daf\u00fcr, welche Einnahmen man hat und wieviel Geld man f\u00fcr was ausgibt ist der Schl\u00fcssel zum wirtschaftlichen Erfolg. Was sollte man also genau wissen: In welchem Bereich nehme ich am Meisten Geld ein, wo am Wenigsten? Wo kann ich auf der [&hellip;]<\/p>\n","protected":false},"author":1,"featured_media":0,"parent":0,"menu_order":0,"comment_status":"closed","ping_status":"closed","template":"elementor_canvas","meta":{"inline_featured_image":false,"footnotes":""},"class_list":["post-237","page","type-page","status-publish","hentry"],"_links":{"self":[{"href":"https:\/\/ontg.de\/index.php?rest_route=\/wp\/v2\/pages\/237","targetHints":{"allow":["GET"]}}],"collection":[{"href":"https:\/\/ontg.de\/index.php?rest_route=\/wp\/v2\/pages"}],"about":[{"href":"https:\/\/ontg.de\/index.php?rest_route=\/wp\/v2\/types\/page"}],"author":[{"embeddable":true,"href":"https:\/\/ontg.de\/index.php?rest_route=\/wp\/v2\/users\/1"}],"replies":[{"embeddable":true,"href":"https:\/\/ontg.de\/index.php?rest_route=%2Fwp%2Fv2%2Fcomments&post=237"}],"version-history":[{"count":7,"href":"https:\/\/ontg.de\/index.php?rest_route=\/wp\/v2\/pages\/237\/revisions"}],"predecessor-version":[{"id":343,"href":"https:\/\/ontg.de\/index.php?rest_route=\/wp\/v2\/pages\/237\/revisions\/343"}],"wp:attachment":[{"href":"https:\/\/ontg.de\/index.php?rest_route=%2Fwp%2Fv2%2Fmedia&parent=237"}],"curies":[{"name":"wp","href":"https:\/\/api.w.org\/{rel}","templated":true}]}}