{"id":280,"date":"2021-03-27T13:09:26","date_gmt":"2021-03-27T13:09:26","guid":{"rendered":"https:\/\/ontg.de\/?page_id=280"},"modified":"2021-03-27T13:11:19","modified_gmt":"2021-03-27T13:11:19","slug":"zahlungsabwicklung","status":"publish","type":"page","link":"https:\/\/ontg.de\/?page_id=280","title":{"rendered":"Zahlungsabwicklung"},"content":{"rendered":"\t\t<div data-elementor-type=\"wp-page\" data-elementor-id=\"280\" class=\"elementor elementor-280\">\n\t\t\t\t\t\t<section class=\"elementor-section elementor-top-section elementor-element elementor-element-407d99c5 elementor-section-boxed elementor-section-height-default elementor-section-height-default elementor-invisible\" data-id=\"407d99c5\" data-element_type=\"section\" data-e-type=\"section\" data-settings=\"{&quot;background_background&quot;:&quot;classic&quot;,&quot;shape_divider_bottom&quot;:&quot;arrow&quot;,&quot;animation&quot;:&quot;fadeInUp&quot;}\">\n\t\t\t\t\t<div class=\"elementor-shape elementor-shape-bottom\" aria-hidden=\"true\" data-negative=\"false\">\n\t\t\t<svg xmlns=\"http:\/\/www.w3.org\/2000\/svg\" viewBox=\"0 0 700 10\" preserveAspectRatio=\"none\">\n\t<path class=\"elementor-shape-fill\" d=\"M350,10L340,0h20L350,10z\"\/>\n<\/svg>\t\t<\/div>\n\t\t\t\t\t<div class=\"elementor-container elementor-column-gap-default\">\n\t\t\t\t\t<div class=\"elementor-column elementor-col-100 elementor-top-column elementor-element elementor-element-36a70cb2\" data-id=\"36a70cb2\" data-element_type=\"column\" data-e-type=\"column\">\n\t\t\t<div class=\"elementor-widget-wrap elementor-element-populated\">\n\t\t\t\t\t\t<div class=\"elementor-element elementor-element-49b49d26 elementor-widget elementor-widget-heading\" data-id=\"49b49d26\" data-element_type=\"widget\" data-e-type=\"widget\" data-widget_type=\"heading.default\">\n\t\t\t\t<div class=\"elementor-widget-container\">\n\t\t\t\t\t<h2 class=\"elementor-heading-title elementor-size-default\">Zahlungsabwicklung<\/h2>\t\t\t\t<\/div>\n\t\t\t\t<\/div>\n\t\t\t\t<div class=\"elementor-element elementor-element-2849a454 elementor-widget elementor-widget-heading\" data-id=\"2849a454\" data-element_type=\"widget\" data-e-type=\"widget\" data-widget_type=\"heading.default\">\n\t\t\t\t<div class=\"elementor-widget-container\">\n\t\t\t\t\t<p class=\"elementor-heading-title elementor-size-default\">Eine moderne Zahlungsabwicklung ist f\u00fcr eine wirtschaftlich effektive Praxis heute unabdingbar. Rechnungen sind leicht und schnell verf\u00fcgbar und k\u00f6nnen dem Patienten direkt vor Ort ausgeh\u00e4ndigt werden. Schluss mit zeitfressenden und Nervenaufreibenden Mahnungen, denn die Bezahlung kann nun direkt und bequem nach der Behandlung erfolgen. Wie das m\u00f6glich ist? Nehmen Sie Kontakt mit uns auf! <\/p>\t\t\t\t<\/div>\n\t\t\t\t<\/div>\n\t\t\t\t\t<\/div>\n\t\t<\/div>\n\t\t\t\t\t<\/div>\n\t\t<\/section>\n\t\t\t\t<\/div>\n\t\t","protected":false},"excerpt":{"rendered":"<p>Zahlungsabwicklung Eine moderne Zahlungsabwicklung ist f\u00fcr eine wirtschaftlich effektive Praxis heute unabdingbar. Rechnungen sind leicht und schnell verf\u00fcgbar und k\u00f6nnen dem Patienten direkt vor Ort ausgeh\u00e4ndigt werden. Schluss mit zeitfressenden und Nervenaufreibenden Mahnungen, denn die Bezahlung kann nun direkt und bequem nach der Behandlung erfolgen. Wie das m\u00f6glich ist? Nehmen Sie Kontakt mit uns auf!<\/p>\n","protected":false},"author":1,"featured_media":0,"parent":0,"menu_order":0,"comment_status":"closed","ping_status":"closed","template":"elementor_canvas","meta":{"inline_featured_image":false,"footnotes":""},"class_list":["post-280","page","type-page","status-publish","hentry"],"_links":{"self":[{"href":"https:\/\/ontg.de\/index.php?rest_route=\/wp\/v2\/pages\/280","targetHints":{"allow":["GET"]}}],"collection":[{"href":"https:\/\/ontg.de\/index.php?rest_route=\/wp\/v2\/pages"}],"about":[{"href":"https:\/\/ontg.de\/index.php?rest_route=\/wp\/v2\/types\/page"}],"author":[{"embeddable":true,"href":"https:\/\/ontg.de\/index.php?rest_route=\/wp\/v2\/users\/1"}],"replies":[{"embeddable":true,"href":"https:\/\/ontg.de\/index.php?rest_route=%2Fwp%2Fv2%2Fcomments&post=280"}],"version-history":[{"count":4,"href":"https:\/\/ontg.de\/index.php?rest_route=\/wp\/v2\/pages\/280\/revisions"}],"predecessor-version":[{"id":288,"href":"https:\/\/ontg.de\/index.php?rest_route=\/wp\/v2\/pages\/280\/revisions\/288"}],"wp:attachment":[{"href":"https:\/\/ontg.de\/index.php?rest_route=%2Fwp%2Fv2%2Fmedia&parent=280"}],"curies":[{"name":"wp","href":"https:\/\/api.w.org\/{rel}","templated":true}]}}